{"id":31,"date":"2022-09-06T16:15:10","date_gmt":"2022-09-06T14:15:10","guid":{"rendered":"http:\/\/awo-suedpfalz.de\/?page_id=31"},"modified":"2022-09-08T15:56:49","modified_gmt":"2022-09-08T13:56:49","slug":"impressum","status":"publish","type":"page","link":"https:\/\/awo-suedpfalz.de\/index.php\/impressum\/","title":{"rendered":"Impressum"},"content":{"rendered":"\n<p>Arbeiterwohlfahrt Kreisverband S\u00fcdpfalz e.V.<\/p>\n\n\n\n<p>Vorsitzender: G\u00fcnther Tieleb\u00f6rger<\/p>\n\n\n\n<p>Gesch\u00e4ftsstelle: Stra\u00dfe Waldstrasse 38<\/p>\n\n\n\n<p>Ort 76833 Kandel<\/p>\n\n\n\n<p>AZ: Registergericht Landau:VR 2633&nbsp;<\/p>\n","protected":false},"excerpt":{"rendered":"<p>Arbeiterwohlfahrt Kreisverband S\u00fcdpfalz e.V. Vorsitzender: G\u00fcnther Tieleb\u00f6rger Gesch\u00e4ftsstelle: Stra\u00dfe Waldstrasse 38 Ort 76833 Kandel AZ: Registergericht Landau:VR 2633&nbsp;<\/p>\n","protected":false},"author":1,"featured_media":0,"parent":0,"menu_order":0,"comment_status":"closed","ping_status":"closed","template":"","meta":{"footnotes":""},"class_list":["post-31","page","type-page","status-publish","hentry"],"yoast_head":"<!-- This site is optimized with the Yoast SEO plugin v19.7.1 - https:\/\/yoast.com\/wordpress\/plugins\/seo\/ -->\n<title>Impressum - AWO Kreisverband S\u00fcdpfalz<\/title>\n<meta name=\"robots\" content=\"index, follow, max-snippet:-1, max-image-preview:large, max-video-preview:-1\" \/>\n<link rel=\"canonical\" href=\"https:\/\/awo-suedpfalz.de\/index.php\/impressum\/\" \/>\n<meta property=\"og:locale\" content=\"de_DE\" \/>\n<meta property=\"og:type\" content=\"article\" \/>\n<meta property=\"og:title\" content=\"Impressum - AWO Kreisverband S\u00fcdpfalz\" \/>\n<meta property=\"og:description\" content=\"Arbeiterwohlfahrt Kreisverband S\u00fcdpfalz e.V. Vorsitzender: G\u00fcnther Tieleb\u00f6rger Gesch\u00e4ftsstelle: Stra\u00dfe Waldstrasse 38 Ort 76833 Kandel AZ: Registergericht Landau:VR 2633&nbsp;\" \/>\n<meta property=\"og:url\" content=\"https:\/\/awo-suedpfalz.de\/index.php\/impressum\/\" \/>\n<meta property=\"og:site_name\" content=\"AWO Kreisverband S\u00fcdpfalz\" \/>\n<meta property=\"article:modified_time\" content=\"2022-09-08T13:56:49+00:00\" \/>\n<meta name=\"twitter:card\" content=\"summary_large_image\" \/>\n<script type=\"application\/ld+json\" class=\"yoast-schema-graph\">{\"@context\":\"https:\/\/schema.org\",\"@graph\":[{\"@type\":\"WebPage\",\"@id\":\"https:\/\/awo-suedpfalz.de\/index.php\/impressum\/\",\"url\":\"https:\/\/awo-suedpfalz.de\/index.php\/impressum\/\",\"name\":\"Impressum - AWO Kreisverband S\u00fcdpfalz\",\"isPartOf\":{\"@id\":\"https:\/\/awo-suedpfalz.de\/#website\"},\"datePublished\":\"2022-09-06T14:15:10+00:00\",\"dateModified\":\"2022-09-08T13:56:49+00:00\",\"breadcrumb\":{\"@id\":\"https:\/\/awo-suedpfalz.de\/index.php\/impressum\/#breadcrumb\"},\"inLanguage\":\"de\",\"potentialAction\":[{\"@type\":\"ReadAction\",\"target\":[\"https:\/\/awo-suedpfalz.de\/index.php\/impressum\/\"]}]},{\"@type\":\"BreadcrumbList\",\"@id\":\"https:\/\/awo-suedpfalz.de\/index.php\/impressum\/#breadcrumb\",\"itemListElement\":[{\"@type\":\"ListItem\",\"position\":1,\"name\":\"Startseite\",\"item\":\"https:\/\/awo-suedpfalz.de\/\"},{\"@type\":\"ListItem\",\"position\":2,\"name\":\"Impressum\"}]},{\"@type\":\"WebSite\",\"@id\":\"https:\/\/awo-suedpfalz.de\/#website\",\"url\":\"https:\/\/awo-suedpfalz.de\/\",\"name\":\"AWO Kreisverband S\u00fcdpfalz\",\"description\":\"Wir beraten kompetent\",\"publisher\":{\"@id\":\"https:\/\/awo-suedpfalz.de\/#organization\"},\"potentialAction\":[{\"@type\":\"SearchAction\",\"target\":{\"@type\":\"EntryPoint\",\"urlTemplate\":\"https:\/\/awo-suedpfalz.de\/?s={search_term_string}\"},\"query-input\":\"required name=search_term_string\"}],\"inLanguage\":\"de\"},{\"@type\":\"Organization\",\"@id\":\"https:\/\/awo-suedpfalz.de\/#organization\",\"name\":\"AWO Kreisverband S\u00fcdpfalz\",\"url\":\"https:\/\/awo-suedpfalz.de\/\",\"sameAs\":[],\"logo\":{\"@type\":\"ImageObject\",\"inLanguage\":\"de\",\"@id\":\"https:\/\/awo-suedpfalz.de\/#\/schema\/logo\/image\/\",\"url\":\"https:\/\/awo-suedpfalz.de\/wp-content\/uploads\/2022\/09\/Awo-logo-08.svg_.png\",\"contentUrl\":\"https:\/\/awo-suedpfalz.de\/wp-content\/uploads\/2022\/09\/Awo-logo-08.svg_.png\",\"width\":700,\"height\":600,\"caption\":\"AWO Kreisverband S\u00fcdpfalz\"},\"image\":{\"@id\":\"https:\/\/awo-suedpfalz.de\/#\/schema\/logo\/image\/\"}}]}<\/script>\n<!-- \/ Yoast SEO plugin. -->","yoast_head_json":{"title":"Impressum - AWO Kreisverband S\u00fcdpfalz","robots":{"index":"index","follow":"follow","max-snippet":"max-snippet:-1","max-image-preview":"max-image-preview:large","max-video-preview":"max-video-preview:-1"},"canonical":"https:\/\/awo-suedpfalz.de\/index.php\/impressum\/","og_locale":"de_DE","og_type":"article","og_title":"Impressum - AWO Kreisverband S\u00fcdpfalz","og_description":"Arbeiterwohlfahrt Kreisverband S\u00fcdpfalz e.V. Vorsitzender: G\u00fcnther Tieleb\u00f6rger Gesch\u00e4ftsstelle: Stra\u00dfe Waldstrasse 38 Ort 76833 Kandel AZ: Registergericht Landau:VR 2633&nbsp;","og_url":"https:\/\/awo-suedpfalz.de\/index.php\/impressum\/","og_site_name":"AWO Kreisverband S\u00fcdpfalz","article_modified_time":"2022-09-08T13:56:49+00:00","twitter_card":"summary_large_image","schema":{"@context":"https:\/\/schema.org","@graph":[{"@type":"WebPage","@id":"https:\/\/awo-suedpfalz.de\/index.php\/impressum\/","url":"https:\/\/awo-suedpfalz.de\/index.php\/impressum\/","name":"Impressum - AWO Kreisverband S\u00fcdpfalz","isPartOf":{"@id":"https:\/\/awo-suedpfalz.de\/#website"},"datePublished":"2022-09-06T14:15:10+00:00","dateModified":"2022-09-08T13:56:49+00:00","breadcrumb":{"@id":"https:\/\/awo-suedpfalz.de\/index.php\/impressum\/#breadcrumb"},"inLanguage":"de","potentialAction":[{"@type":"ReadAction","target":["https:\/\/awo-suedpfalz.de\/index.php\/impressum\/"]}]},{"@type":"BreadcrumbList","@id":"https:\/\/awo-suedpfalz.de\/index.php\/impressum\/#breadcrumb","itemListElement":[{"@type":"ListItem","position":1,"name":"Startseite","item":"https:\/\/awo-suedpfalz.de\/"},{"@type":"ListItem","position":2,"name":"Impressum"}]},{"@type":"WebSite","@id":"https:\/\/awo-suedpfalz.de\/#website","url":"https:\/\/awo-suedpfalz.de\/","name":"AWO Kreisverband S\u00fcdpfalz","description":"Wir beraten kompetent","publisher":{"@id":"https:\/\/awo-suedpfalz.de\/#organization"},"potentialAction":[{"@type":"SearchAction","target":{"@type":"EntryPoint","urlTemplate":"https:\/\/awo-suedpfalz.de\/?s={search_term_string}"},"query-input":"required name=search_term_string"}],"inLanguage":"de"},{"@type":"Organization","@id":"https:\/\/awo-suedpfalz.de\/#organization","name":"AWO Kreisverband S\u00fcdpfalz","url":"https:\/\/awo-suedpfalz.de\/","sameAs":[],"logo":{"@type":"ImageObject","inLanguage":"de","@id":"https:\/\/awo-suedpfalz.de\/#\/schema\/logo\/image\/","url":"https:\/\/awo-suedpfalz.de\/wp-content\/uploads\/2022\/09\/Awo-logo-08.svg_.png","contentUrl":"https:\/\/awo-suedpfalz.de\/wp-content\/uploads\/2022\/09\/Awo-logo-08.svg_.png","width":700,"height":600,"caption":"AWO Kreisverband S\u00fcdpfalz"},"image":{"@id":"https:\/\/awo-suedpfalz.de\/#\/schema\/logo\/image\/"}}]}},"_links":{"self":[{"href":"https:\/\/awo-suedpfalz.de\/index.php\/wp-json\/wp\/v2\/pages\/31","targetHints":{"allow":["GET"]}}],"collection":[{"href":"https:\/\/awo-suedpfalz.de\/index.php\/wp-json\/wp\/v2\/pages"}],"about":[{"href":"https:\/\/awo-suedpfalz.de\/index.php\/wp-json\/wp\/v2\/types\/page"}],"author":[{"embeddable":true,"href":"https:\/\/awo-suedpfalz.de\/index.php\/wp-json\/wp\/v2\/users\/1"}],"replies":[{"embeddable":true,"href":"https:\/\/awo-suedpfalz.de\/index.php\/wp-json\/wp\/v2\/comments?post=31"}],"version-history":[{"count":1,"href":"https:\/\/awo-suedpfalz.de\/index.php\/wp-json\/wp\/v2\/pages\/31\/revisions"}],"predecessor-version":[{"id":32,"href":"https:\/\/awo-suedpfalz.de\/index.php\/wp-json\/wp\/v2\/pages\/31\/revisions\/32"}],"wp:attachment":[{"href":"https:\/\/awo-suedpfalz.de\/index.php\/wp-json\/wp\/v2\/media?parent=31"}],"curies":[{"name":"wp","href":"https:\/\/api.w.org\/{rel}","templated":true}]}}